{"id":3048,"date":"2022-12-12T20:40:54","date_gmt":"2022-12-12T20:40:54","guid":{"rendered":"https:\/\/www.beachhandballcup.com\/?page_id=3048"},"modified":"2022-12-12T20:48:25","modified_gmt":"2022-12-12T20:48:25","slug":"impressum","status":"publish","type":"page","link":"https:\/\/www.beachhandballcup.com\/de\/impressum\/","title":{"rendered":"Impressum"},"content":{"rendered":"\t\t<div data-elementor-type=\"wp-page\" data-elementor-id=\"3048\" class=\"elementor elementor-3048\" data-elementor-post-type=\"page\">\n\t\t\t\t\t\t<section class=\"elementor-section elementor-top-section elementor-element elementor-element-0769f2e elementor-section-full_width elementor-section-height-default elementor-section-height-default\" data-id=\"0769f2e\" data-element_type=\"section\" data-e-type=\"section\" data-settings=\"{&quot;jet_parallax_layout_list&quot;:[{&quot;_id&quot;:&quot;1b0d998&quot;,&quot;jet_parallax_layout_image&quot;:{&quot;url&quot;:&quot;&quot;,&quot;id&quot;:&quot;&quot;,&quot;size&quot;:&quot;&quot;},&quot;jet_parallax_layout_image_tablet&quot;:{&quot;url&quot;:&quot;&quot;,&quot;id&quot;:&quot;&quot;,&quot;size&quot;:&quot;&quot;},&quot;jet_parallax_layout_image_mobile&quot;:{&quot;url&quot;:&quot;&quot;,&quot;id&quot;:&quot;&quot;,&quot;size&quot;:&quot;&quot;},&quot;jet_parallax_layout_speed&quot;:{&quot;unit&quot;:&quot;%&quot;,&quot;size&quot;:50,&quot;sizes&quot;:[]},&quot;jet_parallax_layout_type&quot;:&quot;scroll&quot;,&quot;jet_parallax_layout_direction&quot;:&quot;1&quot;,&quot;jet_parallax_layout_fx_direction&quot;:null,&quot;jet_parallax_layout_z_index&quot;:&quot;&quot;,&quot;jet_parallax_layout_bg_x&quot;:50,&quot;jet_parallax_layout_bg_x_tablet&quot;:&quot;&quot;,&quot;jet_parallax_layout_bg_x_mobile&quot;:&quot;&quot;,&quot;jet_parallax_layout_bg_y&quot;:50,&quot;jet_parallax_layout_bg_y_tablet&quot;:&quot;&quot;,&quot;jet_parallax_layout_bg_y_mobile&quot;:&quot;&quot;,&quot;jet_parallax_layout_bg_size&quot;:&quot;auto&quot;,&quot;jet_parallax_layout_bg_size_tablet&quot;:&quot;&quot;,&quot;jet_parallax_layout_bg_size_mobile&quot;:&quot;&quot;,&quot;jet_parallax_layout_animation_prop&quot;:&quot;transform&quot;,&quot;jet_parallax_layout_on&quot;:[&quot;desktop&quot;,&quot;tablet&quot;]}],&quot;shape_divider_bottom&quot;:&quot;opacity-tilt&quot;}\">\n\t\t\t\t\t<div class=\"elementor-shape elementor-shape-bottom\" aria-hidden=\"true\" data-negative=\"false\">\n\t\t\t<svg xmlns=\"http:\/\/www.w3.org\/2000\/svg\" viewBox=\"0 0 2600 131.1\" preserveAspectRatio=\"none\">\n\t<path class=\"elementor-shape-fill\" d=\"M0 0L2600 0 2600 69.1 0 0z\"\/>\n\t<path class=\"elementor-shape-fill\" style=\"opacity:0.5\" d=\"M0 0L2600 0 2600 69.1 0 69.1z\"\/>\n\t<path class=\"elementor-shape-fill\" style=\"opacity:0.25\" d=\"M2600 0L0 0 0 130.1 2600 69.1z\"\/>\n<\/svg>\t\t<\/div>\n\t\t\t\t\t<div class=\"elementor-container elementor-column-gap-default\">\n\t\t\t\t\t<div class=\"elementor-column elementor-col-100 elementor-top-column elementor-element elementor-element-d503934\" data-id=\"d503934\" data-element_type=\"column\" data-e-type=\"column\">\n\t\t\t<div class=\"elementor-widget-wrap\">\n\t\t\t\t\t\t\t<\/div>\n\t\t<\/div>\n\t\t\t\t\t<\/div>\n\t\t<\/section>\n\t\t\t\t<section class=\"elementor-section elementor-top-section elementor-element elementor-element-5636988 elementor-section-boxed elementor-section-height-default elementor-section-height-default\" data-id=\"5636988\" data-element_type=\"section\" data-e-type=\"section\" data-settings=\"{&quot;jet_parallax_layout_list&quot;:[],&quot;background_background&quot;:&quot;classic&quot;}\">\n\t\t\t\t\t\t<div class=\"elementor-container elementor-column-gap-default\">\n\t\t\t\t\t<div class=\"elementor-column elementor-col-100 elementor-top-column elementor-element elementor-element-3c2b128\" data-id=\"3c2b128\" data-element_type=\"column\" data-e-type=\"column\">\n\t\t\t<div class=\"elementor-widget-wrap elementor-element-populated\">\n\t\t\t\t\t\t<div class=\"elementor-element elementor-element-2a6d8bf elementor-widget elementor-widget-heading\" data-id=\"2a6d8bf\" data-element_type=\"widget\" data-e-type=\"widget\" data-widget_type=\"heading.default\">\n\t\t\t\t<div class=\"elementor-widget-container\">\n\t\t\t\t\t<h3 class=\"elementor-heading-title elementor-size-default\">Impressum<\/h3>\t\t\t\t<\/div>\n\t\t\t\t<\/div>\n\t\t\t\t<div class=\"elementor-element elementor-element-32c3605 elementor-widget elementor-widget-text-editor\" data-id=\"32c3605\" data-element_type=\"widget\" data-e-type=\"widget\" data-widget_type=\"text-editor.default\">\n\t\t\t\t<div class=\"elementor-widget-container\">\n\t\t\t\t\t\t\t\t\t<p><strong>BALLFREUNDE GmbH<\/strong><br \/><strong>Gesch\u00e4ftsf\u00fchrer\u00a0<\/strong>Fabian Ziethmann<br \/><strong>Adresse\u00a0<\/strong>Waldweg 13 21465 Wentorf (bei Hamburg)<br \/><strong><br \/>Kontakt<br \/>Tel.:\u00a0<\/strong>040-55895037<strong><br \/>E-Mail:\u00a0<\/strong>info@ballfreunde.com<br \/><br \/><b>Handelsregister\u00a0<\/b>HRB 14220HL Amtsgericht L\u00fcbeck USt.-IdNr.: DE292841856 \u00a0<br \/><br \/><b>Rechtlicher Hinweis\u00a0<\/b>Alle Rechte an den Inhalten dieser Internetseiten bleiben vorbehalten. Das gilt ebenso f\u00fcr Rechte an Markenbezeichnungen und Logos. Ballfreunde hat die mit diesem Internetauftritt verkn\u00fcpften Seiten vor der Setzung von Links gepr\u00fcft und keine rechtswidrigen Inhalte auf den verkn\u00fcpften Seiten festgestellt. Wir haben jedoch keinerlei Einfluss auf die aktuelle oder zuk\u00fcnftige Gestaltung und auf die Inhalte verlinkter Seiten.<\/p>\t\t\t\t\t\t\t\t<\/div>\n\t\t\t\t<\/div>\n\t\t\t\t\t<\/div>\n\t\t<\/div>\n\t\t\t\t\t<\/div>\n\t\t<\/section>\n\t\t\t\t<section class=\"elementor-section elementor-top-section elementor-element elementor-element-dfbac00 elementor-section-full_width elementor-section-stretched elementor-section-height-default elementor-section-height-default\" data-id=\"dfbac00\" data-element_type=\"section\" data-e-type=\"section\" data-settings=\"{&quot;stretch_section&quot;:&quot;section-stretched&quot;,&quot;jet_parallax_layout_list&quot;:[],&quot;background_background&quot;:&quot;classic&quot;,&quot;shape_divider_top&quot;:&quot;triangle-asymmetrical&quot;,&quot;shape_divider_bottom&quot;:&quot;triangle-asymmetrical&quot;}\">\n\t\t\t\t\t<div class=\"elementor-shape elementor-shape-top\" aria-hidden=\"true\" data-negative=\"false\">\n\t\t\t<svg xmlns=\"http:\/\/www.w3.org\/2000\/svg\" viewBox=\"0 0 1000 100\" preserveAspectRatio=\"none\">\n\t<path class=\"elementor-shape-fill\" d=\"M738,99l262-93V0H0v5.6L738,99z\"\/>\n<\/svg>\t\t<\/div>\n\t\t\t\t<div class=\"elementor-shape elementor-shape-bottom\" aria-hidden=\"true\" data-negative=\"false\">\n\t\t\t<svg xmlns=\"http:\/\/www.w3.org\/2000\/svg\" viewBox=\"0 0 1000 100\" preserveAspectRatio=\"none\">\n\t<path class=\"elementor-shape-fill\" d=\"M738,99l262-93V0H0v5.6L738,99z\"\/>\n<\/svg>\t\t<\/div>\n\t\t\t\t\t<div class=\"elementor-container elementor-column-gap-default\">\n\t\t\t\t\t<div class=\"elementor-column elementor-col-100 elementor-top-column elementor-element elementor-element-db2e6db\" data-id=\"db2e6db\" data-element_type=\"column\" data-e-type=\"column\">\n\t\t\t<div class=\"elementor-widget-wrap elementor-element-populated\">\n\t\t\t\t\t\t<div class=\"elementor-element elementor-element-c3682b8 elementor-widget elementor-widget-image\" data-id=\"c3682b8\" data-element_type=\"widget\" data-e-type=\"widget\" data-widget_type=\"image.default\">\n\t\t\t\t<div class=\"elementor-widget-container\">\n\t\t\t\t\t\t\t\t\t\t\t\t\t\t\t<img fetchpriority=\"high\" decoding=\"async\" width=\"768\" height=\"328\" src=\"https:\/\/www.beachhandballcup.com\/wp-content\/uploads\/Beachhandball_Logo_com_klein-768x328.png\" class=\"attachment-medium_large size-medium_large wp-image-247\" alt=\"\" srcset=\"https:\/\/www.beachhandballcup.com\/wp-content\/uploads\/Beachhandball_Logo_com_klein-768x328.png 768w, https:\/\/www.beachhandballcup.com\/wp-content\/uploads\/Beachhandball_Logo_com_klein-350x150.png 350w, https:\/\/www.beachhandballcup.com\/wp-content\/uploads\/Beachhandball_Logo_com_klein-1200x513.png 1200w, https:\/\/www.beachhandballcup.com\/wp-content\/uploads\/Beachhandball_Logo_com_klein-1536x657.png 1536w, https:\/\/www.beachhandballcup.com\/wp-content\/uploads\/Beachhandball_Logo_com_klein-600x257.png 600w, https:\/\/www.beachhandballcup.com\/wp-content\/uploads\/Beachhandball_Logo_com_klein.png 2000w\" sizes=\"(max-width: 768px) 100vw, 768px\" \/>\t\t\t\t\t\t\t\t\t\t\t\t\t\t\t<\/div>\n\t\t\t\t<\/div>\n\t\t\t\t<div class=\"elementor-element elementor-element-e6ed4b8 elementor-align-center elementor-mobile-align-center elementor-widget elementor-widget-button\" data-id=\"e6ed4b8\" data-element_type=\"widget\" data-e-type=\"widget\" data-widget_type=\"button.default\">\n\t\t\t\t<div class=\"elementor-widget-container\">\n\t\t\t\t\t\t\t\t\t<div class=\"elementor-button-wrapper\">\n\t\t\t\t\t<a class=\"elementor-button elementor-button-link elementor-size-sm\" href=\"\/\">\n\t\t\t\t\t\t<span class=\"elementor-button-content-wrapper\">\n\t\t\t\t\t\t\t\t\t<span class=\"elementor-button-text\">zur\u00fcck zur Startseite<\/span>\n\t\t\t\t\t<\/span>\n\t\t\t\t\t<\/a>\n\t\t\t\t<\/div>\n\t\t\t\t\t\t\t\t<\/div>\n\t\t\t\t<\/div>\n\t\t\t\t\t<\/div>\n\t\t<\/div>\n\t\t\t\t\t<\/div>\n\t\t<\/section>\n\t\t\t\t<\/div>\n\t\t","protected":false},"excerpt":{"rendered":"<p>Impressum BALLFREUNDE GmbHGesch\u00e4ftsf\u00fchrer\u00a0Fabian ZiethmannAdresse\u00a0Waldweg 13 21465 Wentorf (bei Hamburg)KontaktTel.:\u00a0040-55895037E-Mail:\u00a0info@ballfreunde.com Handelsregister\u00a0HRB 14220HL Amtsgericht L\u00fcbeck USt.-IdNr.: DE292841856 \u00a0 Rechtlicher Hinweis\u00a0Alle Rechte an den Inhalten dieser Internetseiten bleiben vorbehalten. Das gilt ebenso f\u00fcr Rechte an Markenbezeichnungen und Logos. Ballfreunde hat die mit diesem Internetauftritt verkn\u00fcpften Seiten vor der Setzung von Links gepr\u00fcft und keine rechtswidrigen Inhalte auf den [&hellip;]<\/p>\n","protected":false},"author":3,"featured_media":0,"parent":0,"menu_order":0,"comment_status":"closed","ping_status":"closed","template":"elementor_header_footer","meta":{"_jf_save_progress":"","_joinchat":[],"footnotes":""},"class_list":["post-3048","page","type-page","status-publish","hentry"],"yoast_head":"<!-- This site is optimized with the Yoast SEO plugin v27.1.1 - https:\/\/yoast.com\/product\/yoast-seo-wordpress\/ -->\n<title>Impressum - beachhandballcup.com<\/title>\n<meta name=\"robots\" content=\"index, follow, max-snippet:-1, max-image-preview:large, max-video-preview:-1\" \/>\n<link rel=\"canonical\" href=\"https:\/\/www.beachhandballcup.com\/de\/impressum\/\" \/>\n<meta property=\"og:locale\" content=\"de_DE\" \/>\n<meta property=\"og:type\" content=\"article\" \/>\n<meta property=\"og:title\" content=\"Impressum - beachhandballcup.com\" \/>\n<meta property=\"og:description\" content=\"Impressum BALLFREUNDE GmbHGesch\u00e4ftsf\u00fchrer\u00a0Fabian ZiethmannAdresse\u00a0Waldweg 13 21465 Wentorf (bei Hamburg)KontaktTel.:\u00a0040-55895037E-Mail:\u00a0info@ballfreunde.com Handelsregister\u00a0HRB 14220HL Amtsgericht L\u00fcbeck USt.-IdNr.: DE292841856 \u00a0 Rechtlicher Hinweis\u00a0Alle Rechte an den Inhalten dieser Internetseiten bleiben vorbehalten. Das gilt ebenso f\u00fcr Rechte an Markenbezeichnungen und Logos. Ballfreunde hat die mit diesem Internetauftritt verkn\u00fcpften Seiten vor der Setzung von Links gepr\u00fcft und keine rechtswidrigen Inhalte auf den [&hellip;]\" \/>\n<meta property=\"og:url\" content=\"https:\/\/www.beachhandballcup.com\/de\/impressum\/\" \/>\n<meta property=\"og:site_name\" content=\"beachhandballcup.com\" \/>\n<meta property=\"article:publisher\" content=\"https:\/\/www.facebook.com\/ballfreunde.fanpage\/\" \/>\n<meta property=\"article:modified_time\" content=\"2022-12-12T20:48:25+00:00\" \/>\n<meta property=\"og:image\" content=\"https:\/\/www.beachhandballcup.com\/wp-content\/uploads\/Beachhandball_Logo_com_klein-768x328.png\" \/>\n<meta name=\"twitter:card\" content=\"summary_large_image\" \/>\n<meta name=\"twitter:label1\" content=\"Gesch\u00e4tzte Lesezeit\" \/>\n\t<meta name=\"twitter:data1\" content=\"1\u00a0Minute\" \/>\n<script type=\"application\/ld+json\" class=\"yoast-schema-graph\">{\"@context\":\"https:\/\/schema.org\",\"@graph\":[{\"@type\":\"WebPage\",\"@id\":\"https:\/\/www.beachhandballcup.com\/de\/impressum\/\",\"url\":\"https:\/\/www.beachhandballcup.com\/de\/impressum\/\",\"name\":\"Impressum - beachhandballcup.com\",\"isPartOf\":{\"@id\":\"https:\/\/www.beachhandballcup.com\/#website\"},\"primaryImageOfPage\":{\"@id\":\"https:\/\/www.beachhandballcup.com\/de\/impressum\/#primaryimage\"},\"image\":{\"@id\":\"https:\/\/www.beachhandballcup.com\/de\/impressum\/#primaryimage\"},\"thumbnailUrl\":\"https:\/\/www.beachhandballcup.com\/wp-content\/uploads\/Beachhandball_Logo_com_klein-768x328.png\",\"datePublished\":\"2022-12-12T20:40:54+00:00\",\"dateModified\":\"2022-12-12T20:48:25+00:00\",\"breadcrumb\":{\"@id\":\"https:\/\/www.beachhandballcup.com\/de\/impressum\/#breadcrumb\"},\"inLanguage\":\"de\",\"potentialAction\":[{\"@type\":\"ReadAction\",\"target\":[\"https:\/\/www.beachhandballcup.com\/de\/impressum\/\"]}]},{\"@type\":\"ImageObject\",\"inLanguage\":\"de\",\"@id\":\"https:\/\/www.beachhandballcup.com\/de\/impressum\/#primaryimage\",\"url\":\"https:\/\/www.beachhandballcup.com\/wp-content\/uploads\/Beachhandball_Logo_com_klein-768x328.png\",\"contentUrl\":\"https:\/\/www.beachhandballcup.com\/wp-content\/uploads\/Beachhandball_Logo_com_klein-768x328.png\"},{\"@type\":\"BreadcrumbList\",\"@id\":\"https:\/\/www.beachhandballcup.com\/de\/impressum\/#breadcrumb\",\"itemListElement\":[{\"@type\":\"ListItem\",\"position\":1,\"name\":\"Home\",\"item\":\"https:\/\/www.beachhandballcup.com\/de\/\"},{\"@type\":\"ListItem\",\"position\":2,\"name\":\"Impressum\"}]},{\"@type\":\"WebSite\",\"@id\":\"https:\/\/www.beachhandballcup.com\/#website\",\"url\":\"https:\/\/www.beachhandballcup.com\/\",\"name\":\"beachhandballcup.com\",\"description\":\"internationale Beachhandballturnier in Deutschland &amp; Italien\",\"publisher\":{\"@id\":\"https:\/\/www.beachhandballcup.com\/#organization\"},\"potentialAction\":[{\"@type\":\"SearchAction\",\"target\":{\"@type\":\"EntryPoint\",\"urlTemplate\":\"https:\/\/www.beachhandballcup.com\/?s={search_term_string}\"},\"query-input\":{\"@type\":\"PropertyValueSpecification\",\"valueRequired\":true,\"valueName\":\"search_term_string\"}}],\"inLanguage\":\"de\"},{\"@type\":\"Organization\",\"@id\":\"https:\/\/www.beachhandballcup.com\/#organization\",\"name\":\"beachhandballcup.com\",\"url\":\"https:\/\/www.beachhandballcup.com\/\",\"logo\":{\"@type\":\"ImageObject\",\"inLanguage\":\"de\",\"@id\":\"https:\/\/www.beachhandballcup.com\/#\/schema\/logo\/image\/\",\"url\":\"https:\/\/www.beachhandballcup.com\/wp-content\/uploads\/cropped-Beachhandball_Logo_com_weis.png\",\"contentUrl\":\"https:\/\/www.beachhandballcup.com\/wp-content\/uploads\/cropped-Beachhandball_Logo_com_weis.png\",\"width\":2560,\"height\":1006,\"caption\":\"beachhandballcup.com\"},\"image\":{\"@id\":\"https:\/\/www.beachhandballcup.com\/#\/schema\/logo\/image\/\"},\"sameAs\":[\"https:\/\/www.facebook.com\/ballfreunde.fanpage\/\"]}]}<\/script>\n<!-- \/ Yoast SEO plugin. -->","yoast_head_json":{"title":"Impressum - beachhandballcup.com","robots":{"index":"index","follow":"follow","max-snippet":"max-snippet:-1","max-image-preview":"max-image-preview:large","max-video-preview":"max-video-preview:-1"},"canonical":"https:\/\/www.beachhandballcup.com\/de\/impressum\/","og_locale":"de_DE","og_type":"article","og_title":"Impressum - beachhandballcup.com","og_description":"Impressum BALLFREUNDE GmbHGesch\u00e4ftsf\u00fchrer\u00a0Fabian ZiethmannAdresse\u00a0Waldweg 13 21465 Wentorf (bei Hamburg)KontaktTel.:\u00a0040-55895037E-Mail:\u00a0info@ballfreunde.com Handelsregister\u00a0HRB 14220HL Amtsgericht L\u00fcbeck USt.-IdNr.: DE292841856 \u00a0 Rechtlicher Hinweis\u00a0Alle Rechte an den Inhalten dieser Internetseiten bleiben vorbehalten. Das gilt ebenso f\u00fcr Rechte an Markenbezeichnungen und Logos. Ballfreunde hat die mit diesem Internetauftritt verkn\u00fcpften Seiten vor der Setzung von Links gepr\u00fcft und keine rechtswidrigen Inhalte auf den [&hellip;]","og_url":"https:\/\/www.beachhandballcup.com\/de\/impressum\/","og_site_name":"beachhandballcup.com","article_publisher":"https:\/\/www.facebook.com\/ballfreunde.fanpage\/","article_modified_time":"2022-12-12T20:48:25+00:00","og_image":[{"url":"https:\/\/www.beachhandballcup.com\/wp-content\/uploads\/Beachhandball_Logo_com_klein-768x328.png","type":"","width":"","height":""}],"twitter_card":"summary_large_image","twitter_misc":{"Gesch\u00e4tzte Lesezeit":"1\u00a0Minute"},"schema":{"@context":"https:\/\/schema.org","@graph":[{"@type":"WebPage","@id":"https:\/\/www.beachhandballcup.com\/de\/impressum\/","url":"https:\/\/www.beachhandballcup.com\/de\/impressum\/","name":"Impressum - beachhandballcup.com","isPartOf":{"@id":"https:\/\/www.beachhandballcup.com\/#website"},"primaryImageOfPage":{"@id":"https:\/\/www.beachhandballcup.com\/de\/impressum\/#primaryimage"},"image":{"@id":"https:\/\/www.beachhandballcup.com\/de\/impressum\/#primaryimage"},"thumbnailUrl":"https:\/\/www.beachhandballcup.com\/wp-content\/uploads\/Beachhandball_Logo_com_klein-768x328.png","datePublished":"2022-12-12T20:40:54+00:00","dateModified":"2022-12-12T20:48:25+00:00","breadcrumb":{"@id":"https:\/\/www.beachhandballcup.com\/de\/impressum\/#breadcrumb"},"inLanguage":"de","potentialAction":[{"@type":"ReadAction","target":["https:\/\/www.beachhandballcup.com\/de\/impressum\/"]}]},{"@type":"ImageObject","inLanguage":"de","@id":"https:\/\/www.beachhandballcup.com\/de\/impressum\/#primaryimage","url":"https:\/\/www.beachhandballcup.com\/wp-content\/uploads\/Beachhandball_Logo_com_klein-768x328.png","contentUrl":"https:\/\/www.beachhandballcup.com\/wp-content\/uploads\/Beachhandball_Logo_com_klein-768x328.png"},{"@type":"BreadcrumbList","@id":"https:\/\/www.beachhandballcup.com\/de\/impressum\/#breadcrumb","itemListElement":[{"@type":"ListItem","position":1,"name":"Home","item":"https:\/\/www.beachhandballcup.com\/de\/"},{"@type":"ListItem","position":2,"name":"Impressum"}]},{"@type":"WebSite","@id":"https:\/\/www.beachhandballcup.com\/#website","url":"https:\/\/www.beachhandballcup.com\/","name":"beachhandballcup.com","description":"internationale Beachhandballturnier in Deutschland &amp; Italien","publisher":{"@id":"https:\/\/www.beachhandballcup.com\/#organization"},"potentialAction":[{"@type":"SearchAction","target":{"@type":"EntryPoint","urlTemplate":"https:\/\/www.beachhandballcup.com\/?s={search_term_string}"},"query-input":{"@type":"PropertyValueSpecification","valueRequired":true,"valueName":"search_term_string"}}],"inLanguage":"de"},{"@type":"Organization","@id":"https:\/\/www.beachhandballcup.com\/#organization","name":"beachhandballcup.com","url":"https:\/\/www.beachhandballcup.com\/","logo":{"@type":"ImageObject","inLanguage":"de","@id":"https:\/\/www.beachhandballcup.com\/#\/schema\/logo\/image\/","url":"https:\/\/www.beachhandballcup.com\/wp-content\/uploads\/cropped-Beachhandball_Logo_com_weis.png","contentUrl":"https:\/\/www.beachhandballcup.com\/wp-content\/uploads\/cropped-Beachhandball_Logo_com_weis.png","width":2560,"height":1006,"caption":"beachhandballcup.com"},"image":{"@id":"https:\/\/www.beachhandballcup.com\/#\/schema\/logo\/image\/"},"sameAs":["https:\/\/www.facebook.com\/ballfreunde.fanpage\/"]}]}},"_links":{"self":[{"href":"https:\/\/www.beachhandballcup.com\/de\/wp-json\/wp\/v2\/pages\/3048","targetHints":{"allow":["GET"]}}],"collection":[{"href":"https:\/\/www.beachhandballcup.com\/de\/wp-json\/wp\/v2\/pages"}],"about":[{"href":"https:\/\/www.beachhandballcup.com\/de\/wp-json\/wp\/v2\/types\/page"}],"author":[{"embeddable":true,"href":"https:\/\/www.beachhandballcup.com\/de\/wp-json\/wp\/v2\/users\/3"}],"replies":[{"embeddable":true,"href":"https:\/\/www.beachhandballcup.com\/de\/wp-json\/wp\/v2\/comments?post=3048"}],"version-history":[{"count":0,"href":"https:\/\/www.beachhandballcup.com\/de\/wp-json\/wp\/v2\/pages\/3048\/revisions"}],"wp:attachment":[{"href":"https:\/\/www.beachhandballcup.com\/de\/wp-json\/wp\/v2\/media?parent=3048"}],"curies":[{"name":"wp","href":"https:\/\/api.w.org\/{rel}","templated":true}]}}